{"id":6,"date":"2025-12-18T20:58:46","date_gmt":"2025-12-18T20:58:46","guid":{"rendered":"https:\/\/ideains.pl\/?page_id=6"},"modified":"2025-12-20T18:09:06","modified_gmt":"2025-12-20T18:09:06","slug":"strona-glowna","status":"publish","type":"page","link":"https:\/\/ideains.pl\/","title":{"rendered":"IDEAINS &#8211; ubezpieczenia z pomys\u0142em, dopasowane do Twojego \u017cycia i biznesu"},"content":{"rendered":"\n<p><\/p>\n\n\n\n<figure class=\"wp-block-image size-large is-resized\"><img loading=\"lazy\" decoding=\"async\" width=\"1024\" height=\"252\" src=\"https:\/\/ideains.pl\/wp-content\/uploads\/2025\/12\/56646464674574-1-1024x252.png\" alt=\"\" class=\"wp-image-102\" style=\"aspect-ratio:4.063709418872496;width:461px;height:auto\" srcset=\"https:\/\/ideains.pl\/wp-content\/uploads\/2025\/12\/56646464674574-1-1024x252.png 1024w, https:\/\/ideains.pl\/wp-content\/uploads\/2025\/12\/56646464674574-1-300x74.png 300w, https:\/\/ideains.pl\/wp-content\/uploads\/2025\/12\/56646464674574-1-768x189.png 768w, https:\/\/ideains.pl\/wp-content\/uploads\/2025\/12\/56646464674574-1.png 1114w\" sizes=\"auto, (max-width: 1024px) 100vw, 1024px\" \/><\/figure>\n\n\n\n<p><\/p>\n\n\n\n<p><\/p>\n\n\n\n<p><br><\/p>\n\n\n\n<h2 class=\"wp-block-heading\"><\/h2>\n\n\n\n<p><\/p>\n\n\n\n<h2 class=\"wp-block-heading\">Dlaczego warto wybra\u0107 IDEAINS?<\/h2>\n\n\n\n<ul class=\"wp-block-list\">\n<li>Wsp\u00f3\u0142praca z wieloma towarzystwami ubezpieczeniowymi<\/li>\n\n\n\n<li>Oferty dopasowane do realnych potrzeb<\/li>\n\n\n\n<li>Jasne warunki \u2013 bez drobnego druku<\/li>\n\n\n\n<li>Wsparcie przy szkodach i w trakcie trwania polisy<\/li>\n<\/ul>\n\n\n\n<h2 class=\"wp-block-heading\"><strong>Nasza oferta ubezpiecze\u0144<\/strong><\/h2>\n\n\n\n<ul class=\"wp-block-list\">\n<li>Ubezpieczenia komunikacyjne \u2013 OC, AC, NNW, Assistance<\/li>\n\n\n\n<li>Ubezpieczenia nieruchomo\u015bci \u2013 domy i mieszkania<\/li>\n\n\n\n<li>Ubezpieczenia firm \u2013 dzia\u0142alno\u015b\u0107, mienie, OC<\/li>\n\n\n\n<li>Ubezpieczenia na \u017cycie i zdrowie<\/li>\n\n\n\n<li>Ubezpieczenia turystyczne<\/li>\n\n\n\n<li>Ubezpieczenie gospodarstw rolnych i upraw<\/li>\n<\/ul>\n\n\n\n<h2 class=\"wp-block-heading\"><strong>Ubezpieczenia dla firm transportowych i flot pojazd\u00f3w<\/strong><\/h2>\n\n\n\n<p>Specjalizujemy si\u0119 w kompleksowej obs\u0142udze du\u017cych firm transportowych oraz flot pojazd\u00f3w.<\/p>\n\n\n\n<p>Zapewniamy profesjonalne doradztwo ubezpieczeniowe dopasowane do skali dzia\u0142alno\u015bci, rodzaju taboru oraz wymog\u00f3w formalnych bran\u017cy transportowej.<\/p>\n\n\n\n<p><strong>Zakres obs\u0142ugi:<\/strong><\/p>\n\n\n\n<ul class=\"wp-block-list\">\n<li>Ubezpieczenia flotowe \u2013 samochody osobowe i dostawcze<\/li>\n\n\n\n<li>Samochody ci\u0119\u017carowe<\/li>\n\n\n\n<li>Ci\u0105gniki siod\u0142owe<\/li>\n\n\n\n<li>Naczepy i przyczepy<\/li>\n\n\n\n<li>OC przewo\u017anika drogowego (OCP)<\/li>\n\n\n\n<li>OC zawodowe \u2013 wymagane m.in. jako zabezpieczenie finansowe do licencji transportowej<\/li>\n\n\n\n<li>Indywidualne programy ubezpieczeniowe dla firm o rozbudowanym taborze<\/li>\n<\/ul>\n\n\n\n<p>Wsp\u00f3\u0142pracujemy z wiod\u0105cymi towarzystwami ubezpieczeniowymi, co pozwala nam oferowa\u0107 konkurencyjne warunki, stabiln\u0105 ochron\u0119 oraz szybkie wsparcie w przypadku szk\u00f3d.<\/p>\n\n\n\n<p><strong>Dlaczego IDEAINS?<\/strong><\/p>\n\n\n\n<ul class=\"wp-block-list\">\n<li>do\u015bwiadczenie w obs\u0142udze bran\u017cy transportowej<\/li>\n\n\n\n<li>znajomo\u015b\u0107 realnych ryzyk i wymog\u00f3w licencyjnych<\/li>\n\n\n\n<li>dopasowanie zakresu ochrony do skali dzia\u0142alno\u015bci<\/li>\n\n\n\n<li>opieka dedykowanego doradcy<\/li>\n<\/ul>\n\n\n\n<p><\/p>\n\n\n\n<h2 class=\"wp-block-heading\">IDEAINS \u2013 ubezpieczenia z ludzkim podej\u015bciem<\/h2>\n\n\n\n<p>Jeste\u015bmy niezale\u017cnym biurem ubezpiecze\u0144. Stawiamy na d\u0142ugofalowe relacje, a nie jednorazow\u0105 sprzeda\u017c.<\/p>\n\n\n\n<p>Naszym celem jest realne bezpiecze\u0144stwo klient\u00f3w prywatnych i biznesowych.<\/p>\n\n\n\n<h2 class=\"wp-block-heading\">Skontaktuj si\u0119 z nami<\/h2>\n\n\n\n<p>Masz pytania lub chcesz por\u00f3wna\u0107 oferty ubezpiecze\u0144?<br>Skontaktuj si\u0119 z nami \u2013 przygotujemy rozwi\u0105zanie dopasowane do Twoich potrzeb.<\/p>\n\n\n\n<h3 class=\"wp-block-heading\">Kontakt<\/h3>\n\n\n\n<div class=\"wp-block-buttons is-layout-flex wp-block-buttons-is-layout-flex\">\n<div class=\"wp-block-button\"><a class=\"wp-block-button__link wp-element-button\" href=\"mailto:kontakt@ideains.pl\">\ud83d\udce7 kontakt@ideains.pl<\/a><\/div>\n<\/div>\n\n\n\n<h3 class=\"wp-block-heading\">Nasze biura<\/h3>\n\n\n\n<p>\ud83d\udccd Wolin<br>72-510 Wolin<br>ul. Gryfit\u00f3w 1D<\/p>\n\n\n\n<p>\ud83d\udc49 <a href=\"https:\/\/maps.app.goo.gl\/xgmV6Xj4zFogfguHA?g_st=ipc\">Zobacz<\/a><a href=\"https:\/\/maps.google.com\/?q=ul.+Gryfit\u00f3w+1D,+Wolin\"> na mapie<\/a><\/p>\n\n\n\n<p>\ud83d\udccd Kamie\u0144 Pomorski<br>72-400 Kamie\u0144 Pomorski<br>ul. Mieszka I 3\/2U<\/p>\n\n\n\n<p>\ud83d\udc49 <a href=\"https:\/\/maps.app.goo.gl\/Hy7KmVRFpEn6FKMJ9?g_st=ipc\">Zobacz na mapie<\/a><\/p>\n\n\n\n<h3 class=\"wp-block-heading\">Godziny otwarcia<\/h3>\n\n\n\n<p>\ud83d\udd52 Poniedzia\u0142ek \u2013 Pi\u0105tek<br>10:00 \u2013 17:00<\/p>\n\n\n\n<h2 class=\"wp-block-heading\">Zesp\u00f3\u0142<\/h2>\n\n\n\n<p>\ud83d\udc64 Mariusz<br>\ud83d\udcde <a href=\"tel:+48666666437\">666 666 437<\/a><\/p>\n\n\n\n<p>\ud83d\udc64 Marietta<br>\ud83d\udcde <a href=\"tel:+48506124898\">506 124 898<\/a><\/p>\n\n\n\n<p>\ud83d\udc64 Patrycja<br>\ud83d\udcde <a href=\"tel:+48506124899\">506 124 899<\/a><\/p>\n\n\n\n<p>\ud83d\udc64 Natalia<br>\ud83d\udcde <a href=\"tel:+48733860837\">733 860 837<\/a><\/p>\n\n\n\n<p>Odpowiadamy szybko i jasno \u2013 bez presji i bez zobowi\u0105za\u0144.<\/p>\n","protected":false},"excerpt":{"rendered":"<p>Dlaczego warto wybra\u0107 IDEAINS? Nasza oferta ubezpiecze\u0144 Ubezpieczenia dla firm transportowych i flot pojazd\u00f3w Specjalizujemy si\u0119 w kompleksowej obs\u0142udze du\u017cych firm transportowych oraz flot pojazd\u00f3w. Zapewniamy profesjonalne doradztwo ubezpieczeniowe dopasowane do skali dzia\u0142alno\u015bci, rodzaju taboru oraz wymog\u00f3w formalnych bran\u017cy transportowej. Zakres obs\u0142ugi: Wsp\u00f3\u0142pracujemy z wiod\u0105cymi towarzystwami ubezpieczeniowymi, co pozwala nam oferowa\u0107 konkurencyjne warunki, stabiln\u0105 ochron\u0119<\/p>\n<div class=\"more-link\">\n             <a href=\"https:\/\/ideains.pl\/\" class=\"link-btn\"><span>Czytaj dalej <\/span><i class=\"icofont-thin-double-right\"><\/i><\/a>\n        <\/div>\n","protected":false},"author":1,"featured_media":0,"parent":0,"menu_order":0,"comment_status":"closed","ping_status":"closed","template":"","meta":{"footnotes":""},"class_list":["post-6","page","type-page","status-publish","hentry"],"_links":{"self":[{"href":"https:\/\/ideains.pl\/index.php?rest_route=\/wp\/v2\/pages\/6","targetHints":{"allow":["GET"]}}],"collection":[{"href":"https:\/\/ideains.pl\/index.php?rest_route=\/wp\/v2\/pages"}],"about":[{"href":"https:\/\/ideains.pl\/index.php?rest_route=\/wp\/v2\/types\/page"}],"author":[{"embeddable":true,"href":"https:\/\/ideains.pl\/index.php?rest_route=\/wp\/v2\/users\/1"}],"replies":[{"embeddable":true,"href":"https:\/\/ideains.pl\/index.php?rest_route=%2Fwp%2Fv2%2Fcomments&post=6"}],"version-history":[{"count":70,"href":"https:\/\/ideains.pl\/index.php?rest_route=\/wp\/v2\/pages\/6\/revisions"}],"predecessor-version":[{"id":163,"href":"https:\/\/ideains.pl\/index.php?rest_route=\/wp\/v2\/pages\/6\/revisions\/163"}],"wp:attachment":[{"href":"https:\/\/ideains.pl\/index.php?rest_route=%2Fwp%2Fv2%2Fmedia&parent=6"}],"curies":[{"name":"wp","href":"https:\/\/api.w.org\/{rel}","templated":true}]}}